{"id":2,"date":"2021-08-17T07:37:52","date_gmt":"2021-08-17T07:37:52","guid":{"rendered":"https:\/\/plomberie-lefebvre.fr\/?page_id=2"},"modified":"2023-12-12T09:25:45","modified_gmt":"2023-12-12T09:25:45","slug":"sample-page","status":"publish","type":"page","link":"https:\/\/plomberie-lefebvre.fr\/","title":{"rendered":"Entreprise de plomberie chauffage de proximit\u00e9"},"content":{"rendered":"\n<h1>Votre plombier chauffagiste pour les installations sanitaires et les syst\u00e8mes de chauffage a Rambouillet; 78120<\/h1>\n\n\n\n<p><span class=\"has-inline-color has-black-color\">Votre interlocuteur a Rambouillet; 78120 comp\u00e9tent pour toutes les questions relatives aux syst\u00e8mes de chauffage domestique et aux installations sanitaires. Nos plombiers chauffagistes sont heureux de vous aider \u00e0 cr\u00e9er, r\u00e9nover, entretenir et d\u00e9panner vos installations de plomberie sanitaire et de chauffage.<\/span><\/p>\n\n\n\n<div class=\"wp-block-image\"><figure class=\"aligncenter size-full is-resized\"><img src=\"https:\/\/plomberie-lefebvre.fr\/wp-content\/uploads\/2021\/08\/plombier-chauffagiste.png\" alt=\"plombier chauffagiste\" class=\"wp-image-54\" height=\"333\" srcset=\"https:\/\/plomberie-lefebvre.fr\/wp-content\/uploads\/2021\/08\/plombier-chauffagiste.png 892w, https:\/\/plomberie-lefebvre.fr\/wp-content\/uploads\/2021\/08\/plombier-chauffagiste-300x129.png 300w, https:\/\/plomberie-lefebvre.fr\/wp-content\/uploads\/2021\/08\/plombier-chauffagiste-768x331.png 768w\" sizes=\"(max-width: 892px) 100vw, 892px\" \/><\/figure><\/div>\n\n\n\n<p>Nos clients sont des particuliers et des entreprises. Pour que vous soyez en mesure d&rsquo;attendre de nous le meilleur service possible, nous nous appuyons sur la comp\u00e9tence de notre personnel. Gr\u00e2ce \u00e0 un processus de traitement rapide des interventions, nous sommes l\u00e0 pour vous dans les plus brefs d\u00e9lais pour r\u00e9pondre \u00e0 vos souhaits.<\/p>\n\n\n\n<blockquote class=\"wp-block-quote has-text-align-center\"><p><strong><span class=\"has-inline-color has-vivid-cyan-blue-color\">Discutez de vos besoins en mati\u00e8re de plomberie chauffage avec notre \u00e9quipe. Appelez entreprise locale au <a href=\"tel:07 57 99 05 84\">07 57 99 05 84<\/a> ou contactez-nous en ligne d\u00e8s aujourd&rsquo;hui !<\/span><\/strong><\/p><\/blockquote>\n\n\n\n<h2>Je propose des travaux de r\u00e9paration de canalisations d&rsquo;\u00e9gouts et de Curage de canalisations a Rambouillet; 78120<\/h2>\n\n\n\n<p>Une canalisation d\u00e9t\u00e9rior\u00e9e est une source de pr\u00e9occupation majeure, voire monumentale, pour un habitant de Rambouillet; 78120.  Il est n\u00e9cessaire de faire appel \u00e0 des professionnels qui peuvent garantir que le probl\u00e8me est trait\u00e9 rapidement, avec pr\u00e9cision et avec l&rsquo;assurance que tout va bien se passer.<\/p>\n\n\n\n<p><strong>Quand doit-on changer ou remettre en \u00e9tat votre canalisation d&rsquo;\u00e9gout ?<\/strong><br>Les petites fentes pourront \u00eatre r\u00e9par\u00e9s, alors que les importantes d\u00e9perditions n\u00e9cessiteront le replacement de la canalisation des \u00e9gouts. Pour d\u00e9terminer la meilleure solution, notre \u00e9quipe proc\u00e9dera \u00e0 un test d&rsquo;\u00e9tanch\u00e9it\u00e9 et \u00e0 une inspection visuelle de la canalisation afin de d\u00e9cider si la r\u00e9paration ou le renouvellement de la canalisation constitue la meilleure alternative<\/p>\n\n\n\n<h3>Les indications habituelles indiquant que la conduite d&rsquo;\u00e9gout n\u00e9cessite une intervention d&rsquo;un plombier a Rambouillet; 78120.<\/h3>\n\n\n\n<ul><li>La pr\u00e9sence d&rsquo;odeurs d&rsquo;\u00e9gout<\/li><li>Des bouchons et des refoulements fr\u00e9quents<\/li><li>Am\u00e9nagement paysager d\u00e9tremp\u00e9<\/li><li>Infestations d&rsquo;insectes\/rongeurs<\/li><li>Dalles ou trottoirs endommag\u00e9s.<\/li><\/ul>\n\n\n\n<p>Contactez notre entreprise sp\u00e9cialis\u00e9 en assainissement au <strong>&nbsp;<a href=\"tel:07 57 99 05 84\">07 57 99 05 84<\/a><\/strong> a Rambouillet; 78120 dans le d\u00e9partement des Yvelines 78 pour parler avec notre \u00e9quipe des services de de d\u00e9pannage, r\u00e9paration, et de remplacement canalisations d&rsquo;\u00e9gout que nous proposons.<\/p>\n\n\n\n<h2>Des services de plomberie de confiance, disponibles 24 heures sur 24, 7 jours sur 7.<\/h2>\n\n\n\n<p>Lorsque vous avez besoin de recourir \u00e0 des services de plomberie de qualit\u00e9, vous pouvez faire confiance \u00e0 plomberie-lefebvre.fr pour obtenir les excellents r\u00e9sultats dont vous avez besoin \u00e0 chaque fois. Nous avons des ann\u00e9es d&rsquo;exp\u00e9rience dans la r\u00e9paration des probl\u00e8mes de plomberie les plus complexes, donc lorsque vous nous appelez, vous pourrez \u00eatre rassur\u00e9 en sachant que vos probl\u00e8mes de plomberie vont bient\u00f4t \u00eatre termin\u00e9s.<\/p>\n\n\n\n<p>Nous mettons un accent particulier sur les relations de confiance avec les clients, c&rsquo;est pourquoi nous nous attachons \u00e0 traiter chaque client comme un membre de la famille. Nous offrons \u00e9galement des services de plomberie d&rsquo;urgence, de sorte que vous pouvez obtenir le service dont vous avez besoin 24 heures sur 24, 7 jours sur 7<\/p>\n\n\n\n<blockquote class=\"wp-block-quote has-text-align-center\"><p><span class=\"has-inline-color has-vivid-cyan-blue-color\" style=\"\"><b>Pour <a href=\"https:\/\/reseauculturel.fr\/chauffe-eau-fuite-wc-plombier-versailles-78000\/\">service de plomberie chauffage<\/a><\/b><\/span><strong><span class=\"has-inline-color has-vivid-cyan-blue-color\"><a href=\"https:\/\/reseauculturel.fr\/chauffe-eau-fuite-wc-plombier-versailles-78000\/\"> \u00e0 Versailles <\/a>et ses environs contactez-notre  confr\u00e8re d\u00e8s aujourd&rsquo;hui !<\/span><\/strong><\/p><\/blockquote>\n\n\n\n<h2>Des tuyaux qui fuient ? Vous avez de la veine, vous avez trouv\u00e9 la meilleure soci\u00e9t\u00e9 pour la recherche et la r\u00e9paration de fuites d&rsquo;eau a Rambouillet<\/h2>\n\n\n\n<p>Une fuite d&rsquo;eau peut \u00eatre extr\u00eamement destructrice pour votre maison. Plus cette fuite n&rsquo;est pas rep\u00e9r\u00e9e, plus les d\u00e9g\u00e2ts des eaux risquent d&rsquo;affecter l&rsquo;int\u00e9grit\u00e9 structurelle du logement. Ce qui signifie que les prix des r\u00e9parations ne cesseront de cro\u00eetre. Faites appel \u00e0 des services de recherche de fuites d&rsquo;eau si vous remarquez des signes inhabituels d&rsquo;humidit\u00e9 ou des factures de consommation plus \u00e9lev\u00e9es qu&rsquo;\u00e0 la normale.<\/p>\n\n\n\n<h3>Nous proposons \u00e9galement les services suivants :<\/h3>\n\n\n\n<ul><li>Services d&rsquo;urgence 24 heures sur 24<\/li><li>R\u00e9novation de salle de bains<\/li><li>R\u00e9paration de canalisations rompues<\/li><li>D\u00e9bouchage de toilettes<\/li><li>Curage de canalisations<\/li><li>D\u00e9bouchage de canalisation d&rsquo;\u00e9gout<\/li><li>Entretien de pompes de relevage<\/li><li>D\u00e9pannage de chauffe-eau<\/li><li>Etc..<\/li><\/ul>\n\n\n\n<h2>R\u00e9paration et installations de chauffage au Gaz a Rambouillet; 78120 <\/h2>\n\n\n\n<p>Vous pouvez compter sur plomberie-lefebvre.fr pour tous vos besoins en mati\u00e8re de chaudi\u00e8res. Qu&rsquo;il s&rsquo;agisse d&rsquo;un entretien, d&rsquo;un r\u00e9glage bruleur, d&rsquo;une r\u00e9paration ou d&rsquo;un remplacement, nos techniciens peuvent effectuer le travail de mani\u00e8re experte. Depuis plusieurs ann\u00e9e, notre entreprise locale a toujours \u00e9t\u00e9 lle prestataire de Seattle de services et de chaudi\u00e8res de la plus haute qualit\u00e9, de marques r\u00e9put\u00e9es comme ELM Leblanc, Frisquet, Saunier Duval et Viessmann. <\/p>\n\n\n\n<p>Votre chaudi\u00e8re doit \u00eatre entretenue r\u00e9guli\u00e8rement pour garantir son bon fonctionnement. Voici quelques signes cl\u00e9s \u00e0 surveiller qui signalent la n\u00e9cessit\u00e9 d&rsquo;une r\u00e9paration ou d&rsquo;un remplacement:<\/p>\n\n\n\n<ul><li>L&rsquo;\u00e2ge de la chaudiere<\/li><li>Augmentation de la consommation d&rsquo;\u00e9nergie<\/li><li>Fuites<\/li><li>etc..<\/li><\/ul>\n\n\n\n<h2>Des solutions adapt\u00e9es a vos soucis de plomberie<\/h2>\n\n\n\n<p>Le d\u00e9g\u00e2t des eaux peut endommager tout ce qui se trouve dans votre logement ! En r\u00e9parant imm\u00e9diatement vos fuites d&rsquo;eau, canalisation bouch\u00e9e et tous probl\u00e8mes de plomberie sanitaire, vous minimisez les dommages et conservez votre habitation en \u00e9tat de fonctionnement et de s\u00e9curit\u00e9. En outre, nos plombiers d&rsquo;urgence disposent habituellement des \u00e9quipements appropri\u00e9s pour faire face \u00e0 n&rsquo;importe quelle situation, puisqu&rsquo;ils ont l&rsquo;habitude de faire face \u00e0 des situations de d\u00e9pannage complexes.<\/p>\n\n\n\n<p>Quel que soit le sinistre de plomberie, que vous ayez besoin de faire une soudure sur vos tuyaux \u00e9clat\u00e9, d\u00e9bouch\u00e9 votre toilette bouch\u00e9e ou de remplacer un joint d&rsquo;\u00e9tanch\u00e9it\u00e9 dans votre salle de bain pour r\u00e9parer votre fuite d&rsquo;eau, un plombier est toujours pr\u00eat \u00e0 s&rsquo;occuper de tels probl\u00e8mes<\/p>\n\n\n\n<p>Nous assurons la maintenance et la r\u00e9paration de tous les \u00e9quipements de plomberie, de chauffage, de climatisation et de canalisation, qu&rsquo;il s&rsquo;agisse de fuites de robinets, de chauffe-eau, de refoulements d&rsquo;\u00e9gouts, de probl\u00e8mes de chauffage et de climatisation, d&rsquo;infiltrations d&rsquo;eau ou de presque tout ce que vous pouvez imaginer en rapport avec vos syst\u00e8mes de plomberie et de climatisation. Nous nous engageons \u00e0 satisfaire tous vos besoins en mati\u00e8re de plomberie, grands ou petits, tout en visant \u00e0 offrir aux foyers et aux commer\u00e7ants une tranquillit\u00e9 d&rsquo;esprit et un excellent service \u00e0 la client\u00e8le.<\/p>\n\n\n\n<blockquote class=\"wp-block-quote has-text-align-center\"><p><strong><span class=\"has-inline-color has-vivid-cyan-blue-color\">Discutez de vos besoins en mati\u00e8re de plomberie chauffage avec notre \u00e9quipe. Appelez entreprise locale au <a href=\"tel:07 57 99 05 84\">07 57 99 05 84<\/a> ou contactez-nous en ligne d\u00e8s aujourd&rsquo;hui !<\/span><\/strong><\/p><\/blockquote>\n\n\n\n<h2>R\u00e9paration et installation de chauffe-eau dans a Rambouillet; 78120<br><\/h2>\n\n\n\n<p>Chaque habitation de Rambouillet poss\u00e8de une installation de production d&rsquo;eau chaude sanitaire performante et fiable. Malgr\u00e9 l&rsquo;importance de cet appareil, de nombreux foyers ont souvent tendance \u00e0 n\u00e9gliger la maintenance du chauffe-eau. Lorsque votre chauffe-eau fait des bruits, si le d\u00e9bit d&rsquo;eau est r\u00e9duit ou si l&rsquo;eau ne coule plus du tout de vos robinets, l&rsquo;eau est moins chaude, voire froide, ce sont l\u00e0 des signes qui signalent aux foyers la n\u00e9cessit\u00e9 de proc\u00e9der \u00e0 une intervention rapide a Rambouillet pour r\u00e9parer le chauffe-eau.<\/p>\n\n\n\n<p>Si vous repoussez \u00e0 plus tard le moment de faire appel \u00e0 votre plombier et que le chauffe-eau manque de r\u00e9parations, les petits dysfonctionnements risquent de se transformer en v\u00e9ritables probl\u00e8mes et donc la solution vous co\u00fbtera beaucoup plus cher. Je vous propose des prestations de r\u00e9paration et de remplacement de chauffe-eau dans la ville Rambouillet, et dans les communes des environs. Quand vous avez besoin de conseils, contactez notre personnel du SAV et nous planifierons un rendez-vous avec un plombier qualifi\u00e9 pour la r\u00e9paration et installation de votre chauffe-eau.<\/p>\n","protected":false},"excerpt":{"rendered":"<p>Votre plombier chauffagiste pour les installations sanitaires et les syst\u00e8mes de chauffage a Rambouillet; 78120 Votre interlocuteur a Rambouillet; 78120 comp\u00e9tent pour toutes les questions relatives aux syst\u00e8mes de chauffage domestique et aux installations sanitaires. Nos plombiers chauffagistes sont heureux de vous aider \u00e0 cr\u00e9er, r\u00e9nover, entretenir et d\u00e9panner vos installations de plomberie sanitaire et [&hellip;]<\/p>\n","protected":false},"author":1,"featured_media":0,"parent":0,"menu_order":0,"comment_status":"closed","ping_status":"open","template":"","meta":[],"yoast_head":"<!-- This site is optimized with the Yoast SEO plugin v16.9 - https:\/\/yoast.com\/wordpress\/plugins\/seo\/ -->\n<title>Plombier Chauffagiste Rambouillet; 78. Plomberie \/ Chauffage Rambouillet<\/title>\n<meta name=\"description\" content=\"Plombier chauffagiste a Rambouillet 78120 r\u00e9alise l&#039;installation, le d\u00e9pannage de vos \u00e9quipements de plomberie, chauffage a Rambouillet\" \/>\n<meta name=\"robots\" content=\"index, follow, max-snippet:-1, max-image-preview:large, max-video-preview:-1\" \/>\n<link rel=\"canonical\" href=\"https:\/\/plomberie-lefebvre.fr\/\" \/>\n<meta property=\"og:locale\" content=\"fr_FR\" \/>\n<meta property=\"og:type\" content=\"article\" \/>\n<meta property=\"og:title\" content=\"Plombier Chauffagiste Rambouillet; 78. Plomberie \/ Chauffage Rambouillet\" \/>\n<meta property=\"og:description\" content=\"Plombier chauffagiste a Rambouillet 78120 r\u00e9alise l&#039;installation, le d\u00e9pannage de vos \u00e9quipements de plomberie, chauffage a Rambouillet\" \/>\n<meta property=\"og:url\" content=\"https:\/\/plomberie-lefebvre.fr\/\" \/>\n<meta property=\"og:site_name\" content=\"Plomberie Chauffage\" \/>\n<meta property=\"article:modified_time\" content=\"2023-12-12T09:25:45+00:00\" \/>\n<meta property=\"og:image\" content=\"https:\/\/plomberie-lefebvre.fr\/wp-content\/uploads\/2021\/08\/plombier-chauffagiste.png\" \/>\n<meta name=\"twitter:card\" content=\"summary_large_image\" \/>\n<meta name=\"twitter:label1\" content=\"Dur\u00e9e de lecture est.\" \/>\n\t<meta name=\"twitter:data1\" content=\"6 minutes\" \/>\n<script type=\"application\/ld+json\" class=\"yoast-schema-graph\">{\"@context\":\"https:\/\/schema.org\",\"@graph\":[{\"@type\":\"WebSite\",\"@id\":\"https:\/\/plomberie-lefebvre.fr\/#website\",\"url\":\"https:\/\/plomberie-lefebvre.fr\/\",\"name\":\"Plomberie Chauffage\",\"description\":\"\",\"potentialAction\":[{\"@type\":\"SearchAction\",\"target\":{\"@type\":\"EntryPoint\",\"urlTemplate\":\"https:\/\/plomberie-lefebvre.fr\/?s={search_term_string}\"},\"query-input\":\"required name=search_term_string\"}],\"inLanguage\":\"fr-FR\"},{\"@type\":\"ImageObject\",\"@id\":\"https:\/\/plomberie-lefebvre.fr\/#primaryimage\",\"inLanguage\":\"fr-FR\",\"url\":\"https:\/\/plomberie-lefebvre.fr\/wp-content\/uploads\/2021\/08\/plombier-chauffagiste.png\",\"contentUrl\":\"https:\/\/plomberie-lefebvre.fr\/wp-content\/uploads\/2021\/08\/plombier-chauffagiste.png\",\"width\":892,\"height\":384},{\"@type\":\"WebPage\",\"@id\":\"https:\/\/plomberie-lefebvre.fr\/#webpage\",\"url\":\"https:\/\/plomberie-lefebvre.fr\/\",\"name\":\"Plombier Chauffagiste Rambouillet; 78. Plomberie \/ Chauffage Rambouillet\",\"isPartOf\":{\"@id\":\"https:\/\/plomberie-lefebvre.fr\/#website\"},\"primaryImageOfPage\":{\"@id\":\"https:\/\/plomberie-lefebvre.fr\/#primaryimage\"},\"datePublished\":\"2021-08-17T07:37:52+00:00\",\"dateModified\":\"2023-12-12T09:25:45+00:00\",\"description\":\"Plombier chauffagiste a Rambouillet 78120 r\\u00e9alise l'installation, le d\\u00e9pannage de vos \\u00e9quipements de plomberie, chauffage a Rambouillet\",\"breadcrumb\":{\"@id\":\"https:\/\/plomberie-lefebvre.fr\/#breadcrumb\"},\"inLanguage\":\"fr-FR\",\"potentialAction\":[{\"@type\":\"ReadAction\",\"target\":[\"https:\/\/plomberie-lefebvre.fr\/\"]}]},{\"@type\":\"BreadcrumbList\",\"@id\":\"https:\/\/plomberie-lefebvre.fr\/#breadcrumb\",\"itemListElement\":[{\"@type\":\"ListItem\",\"position\":1,\"name\":\"plomberie chauffage\",\"item\":\"https:\/\/plomberie-lefebvre.fr\/\"},{\"@type\":\"ListItem\",\"position\":2,\"name\":\"Entreprise de plomberie chauffage de proximit\\u00e9\"}]}]}<\/script>\n<!-- \/ Yoast SEO plugin. -->","yoast_head_json":{"title":"Plombier Chauffagiste Rambouillet; 78. Plomberie \/ Chauffage Rambouillet","description":"Plombier chauffagiste a Rambouillet 78120 r\u00e9alise l'installation, le d\u00e9pannage de vos \u00e9quipements de plomberie, chauffage a Rambouillet","robots":{"index":"index","follow":"follow","max-snippet":"max-snippet:-1","max-image-preview":"max-image-preview:large","max-video-preview":"max-video-preview:-1"},"canonical":"https:\/\/plomberie-lefebvre.fr\/","og_locale":"fr_FR","og_type":"article","og_title":"Plombier Chauffagiste Rambouillet; 78. Plomberie \/ Chauffage Rambouillet","og_description":"Plombier chauffagiste a Rambouillet 78120 r\u00e9alise l'installation, le d\u00e9pannage de vos \u00e9quipements de plomberie, chauffage a Rambouillet","og_url":"https:\/\/plomberie-lefebvre.fr\/","og_site_name":"Plomberie Chauffage","article_modified_time":"2023-12-12T09:25:45+00:00","og_image":[{"url":"https:\/\/plomberie-lefebvre.fr\/wp-content\/uploads\/2021\/08\/plombier-chauffagiste.png"}],"twitter_card":"summary_large_image","twitter_misc":{"Dur\u00e9e de lecture est.":"6 minutes"},"schema":{"@context":"https:\/\/schema.org","@graph":[{"@type":"WebSite","@id":"https:\/\/plomberie-lefebvre.fr\/#website","url":"https:\/\/plomberie-lefebvre.fr\/","name":"Plomberie Chauffage","description":"","potentialAction":[{"@type":"SearchAction","target":{"@type":"EntryPoint","urlTemplate":"https:\/\/plomberie-lefebvre.fr\/?s={search_term_string}"},"query-input":"required name=search_term_string"}],"inLanguage":"fr-FR"},{"@type":"ImageObject","@id":"https:\/\/plomberie-lefebvre.fr\/#primaryimage","inLanguage":"fr-FR","url":"https:\/\/plomberie-lefebvre.fr\/wp-content\/uploads\/2021\/08\/plombier-chauffagiste.png","contentUrl":"https:\/\/plomberie-lefebvre.fr\/wp-content\/uploads\/2021\/08\/plombier-chauffagiste.png","width":892,"height":384},{"@type":"WebPage","@id":"https:\/\/plomberie-lefebvre.fr\/#webpage","url":"https:\/\/plomberie-lefebvre.fr\/","name":"Plombier Chauffagiste Rambouillet; 78. Plomberie \/ Chauffage Rambouillet","isPartOf":{"@id":"https:\/\/plomberie-lefebvre.fr\/#website"},"primaryImageOfPage":{"@id":"https:\/\/plomberie-lefebvre.fr\/#primaryimage"},"datePublished":"2021-08-17T07:37:52+00:00","dateModified":"2023-12-12T09:25:45+00:00","description":"Plombier chauffagiste a Rambouillet 78120 r\u00e9alise l'installation, le d\u00e9pannage de vos \u00e9quipements de plomberie, chauffage a Rambouillet","breadcrumb":{"@id":"https:\/\/plomberie-lefebvre.fr\/#breadcrumb"},"inLanguage":"fr-FR","potentialAction":[{"@type":"ReadAction","target":["https:\/\/plomberie-lefebvre.fr\/"]}]},{"@type":"BreadcrumbList","@id":"https:\/\/plomberie-lefebvre.fr\/#breadcrumb","itemListElement":[{"@type":"ListItem","position":1,"name":"plomberie chauffage","item":"https:\/\/plomberie-lefebvre.fr\/"},{"@type":"ListItem","position":2,"name":"Entreprise de plomberie chauffage de proximit\u00e9"}]}]}},"_links":{"self":[{"href":"https:\/\/plomberie-lefebvre.fr\/index.php?rest_route=\/wp\/v2\/pages\/2"}],"collection":[{"href":"https:\/\/plomberie-lefebvre.fr\/index.php?rest_route=\/wp\/v2\/pages"}],"about":[{"href":"https:\/\/plomberie-lefebvre.fr\/index.php?rest_route=\/wp\/v2\/types\/page"}],"author":[{"embeddable":true,"href":"https:\/\/plomberie-lefebvre.fr\/index.php?rest_route=\/wp\/v2\/users\/1"}],"replies":[{"embeddable":true,"href":"https:\/\/plomberie-lefebvre.fr\/index.php?rest_route=%2Fwp%2Fv2%2Fcomments&post=2"}],"version-history":[{"count":45,"href":"https:\/\/plomberie-lefebvre.fr\/index.php?rest_route=\/wp\/v2\/pages\/2\/revisions"}],"predecessor-version":[{"id":101,"href":"https:\/\/plomberie-lefebvre.fr\/index.php?rest_route=\/wp\/v2\/pages\/2\/revisions\/101"}],"wp:attachment":[{"href":"https:\/\/plomberie-lefebvre.fr\/index.php?rest_route=%2Fwp%2Fv2%2Fmedia&parent=2"}],"curies":[{"name":"wp","href":"https:\/\/api.w.org\/{rel}","templated":true}]}}